{"id":25,"date":"2016-05-04T16:04:43","date_gmt":"2016-05-04T14:04:43","guid":{"rendered":"http:\/\/worldviews.gei.de\/?page_id=25"},"modified":"2022-12-23T10:58:14","modified_gmt":"2022-12-23T08:58:14","slug":"veroeffentlichungen-vortraege","status":"publish","type":"page","link":"https:\/\/blog-worldviews.gei.de\/en\/veroeffentlichungen-vortraege\/","title":{"rendered":"Publications &#038; Lectures"},"content":{"rendered":"<p><\/p>\n<h2>Lectures<\/h2>\n<ul>\n<li>Christophe, B., &amp; Schwedes, K. (2015, November 19). Textbooks and World War I. Workshop: Whose War? Whose Memory? Teaching the First World War in International Perspective. Birmingham, Gro\u00dfbritannien.<\/li>\n<li><strong><span style=\"font-weight: 400;\">Friedl, S. (2015, July 20). <\/span><i><span style=\"font-weight: 400;\">Recent German Research on Intercultural Historical Learning \/ Discuss\u00f5es Recentes sobre a Aprendizagem Hist\u00f3rica intercultural na Did\u00e1tica da Hist<\/span><\/i><i><span style=\"font-weight: 400;\">\u00f3ria Alem\u00e3<\/span><\/i> <span style=\"font-weight: 400;\">XV. International Congress of History Education Journeys: Interculturality and Historical Consciousness. Cuiab\u00e1, Brasilien.<\/span><\/strong><\/li>\n<li>Friedl, S., &amp; Schwedes, K. (2015, July 09). Die Welt im Schulbuch. Braunschweig.<\/li>\n<li>Hennicke, S., Stahn, L.-L., &amp; De Luca, Ernesto William (2015, September 18). World Views &#8211; A Digital Archive Infrastructure for the Georg Eckert Institute for International Textbook Research. 5th International Workshop on Semantic Digital Archives. Pozna\u0144, Polen.<\/li>\n<li>Rath, I. (2015, July 01). Today\u2019s Lecture &#8220;Our Colonies&#8221;: The Depictions of Inhabitants of German Overseas Territories in 19th Century Textbooks. Conference: Savage Worlds? German Understandings of Non-European Peoples, 1815-1918. Adelaide, Australien.<\/li>\n<li>Rath, I. (2016, July 03). The Role of Australia and the Pacific in a Global Digital Source Collection. Workshop &#8211; WorldViews &#8211; The World in Textbooks. A New Digital Source Collection. Canberra, Australien.<\/li>\n<li>Schwedes, K. (2015, June 02). Von EurViews zu WorldViews. Braunschweig.<\/li>\n<li>Schwedes, K. (2015, June 04). Europabilder, EurViews, WorldViews. Potenziale und Herausforderungen digitaler Quelleneditionen. Workshop &#8211; WorldViews &#8211; Die Welt im Schulbuch. Braunschweig.<\/li>\n<li>Stahn, L.-L. (2015, June 16). Vocabulary Alignment f\u00fcr arch\u00e4ologische KOS. Wissensorganisation &#8217;15 &#8211; Lexical Resources for Knowledge Organization. Passau.<\/li>\n<li>Stahn, L.-L. (2015, September 18). Ontology Matching for Archaeological KOS. 14th European Networked Knowledge Organization Systems (NKOS) Workshop. Pozna\u0144, Polen.<\/li>\n<\/ul>\n<h2>Publications<\/h2>\n<ul>\n<li>Christophe, B., &amp; Schwedes, K. (2015). Den Ersten Weltkrieg erz\u00e4hlen: Schulb\u00fccher als Erinnerungstexte lesen. In B. Christophe &amp; K. Schwedes (Eds.), Schulbuch und Erster Weltkrieg. Kulturwissenschaftliche Analysen und geschichtsdidaktische \u00dcberlegungen (pp. 15\u201392). Vandenhoeck &amp; Ruprecht.<\/li>\n<li>Friedl, S., Christophe, B., &amp; Schwedes, K. (2015). Den Ersten Weltkrieg unterrichten: Didaktische Prinzipien und Herausforderungen im Spiegel von Schulb\u00fcchern. In B. Christophe &amp; K. Schwedes (Eds.), Schulbuch und Erster Weltkrieg. Kulturwissenschaftliche Analysen und geschichtsdidaktische \u00dcberlegungen (pp. 93\u2013154). Vandenhoeck &amp; Ruprecht.<\/li>\n<li>Kade, M., &amp; Stahn, L.-L. (2015). Together Instead of Alone &#8211; Interdisciplinary Cooperation Between Early-Career Scholars at the GEI. Eckert. Das Bulletin. (15), 56\u201357.<\/li>\n<li>Christophe, B., &amp; Schwedes, K. (Eds.) (2015). Schulbuch und Erster Weltkrieg: Kulturwissenschaftliche Analysen und geschichtsdidaktische \u00dcberlegungen: Vandenhoeck &amp; Ruprecht.<\/li>\n<\/ul>\n<p><\/p>","protected":false},"excerpt":{"rendered":"<p>Lectures Christophe, B., &amp; Schwedes, K. (2015, November 19). Textbooks and World War I. Workshop: Whose War? Whose Memory? Teaching the First World War in International Perspective. Birmingham, Gro\u00dfbritannien. Friedl, S. (2015, July 20). Recent German Research on Intercultural Historical Learning \/ Discuss\u00f5es Recentes sobre a Aprendizagem Hist\u00f3rica intercultural na Did\u00e1tica da Hist\u00f3ria Alem\u00e3 XV. [&hellip;]<\/p>\n","protected":false},"author":1,"featured_media":0,"parent":0,"menu_order":4,"comment_status":"closed","ping_status":"open","template":"","meta":{"footnotes":""},"class_list":["post-25","page","type-page","status-publish","hentry"],"_links":{"self":[{"href":"https:\/\/blog-worldviews.gei.de\/en\/wp-json\/wp\/v2\/pages\/25","targetHints":{"allow":["GET"]}}],"collection":[{"href":"https:\/\/blog-worldviews.gei.de\/en\/wp-json\/wp\/v2\/pages"}],"about":[{"href":"https:\/\/blog-worldviews.gei.de\/en\/wp-json\/wp\/v2\/types\/page"}],"author":[{"embeddable":true,"href":"https:\/\/blog-worldviews.gei.de\/en\/wp-json\/wp\/v2\/users\/1"}],"replies":[{"embeddable":true,"href":"https:\/\/blog-worldviews.gei.de\/en\/wp-json\/wp\/v2\/comments?post=25"}],"version-history":[{"count":5,"href":"https:\/\/blog-worldviews.gei.de\/en\/wp-json\/wp\/v2\/pages\/25\/revisions"}],"predecessor-version":[{"id":111,"href":"https:\/\/blog-worldviews.gei.de\/en\/wp-json\/wp\/v2\/pages\/25\/revisions\/111"}],"wp:attachment":[{"href":"https:\/\/blog-worldviews.gei.de\/en\/wp-json\/wp\/v2\/media?parent=25"}],"curies":[{"name":"wp","href":"https:\/\/api.w.org\/{rel}","templated":true}]}}